{"id":4443,"date":"2026-01-18T11:30:47","date_gmt":"2026-01-18T15:30:47","guid":{"rendered":"https:\/\/caribwedding.com\/blog\/"},"modified":"2026-02-05T06:36:37","modified_gmt":"2026-02-05T10:36:37","slug":"blog-mariage-caraibes","status":"publish","type":"page","link":"https:\/\/caribwedding.com\/fr\/blog-mariage-caraibes\/","title":{"rendered":"Blog"},"content":{"rendered":"\n<div class=\"wp-block-group is-layout-constrained wp-block-group-is-layout-constrained\">\n<h1 class=\"wp-block-heading has-text-align-center has-text-color has-link-color wp-elements-0c6d4de26e8294b188f011de19cb4de5\" style=\"color:#58a1d3\">Blog<\/h1>\n\n\n\n<hr class=\"wp-block-separator has-text-color has-alpha-channel-opacity has-background\" style=\"background-color:#58a1d3;color:#58a1d3\"\/>\n\n\n\n<form role=\"search\" method=\"get\" action=\"\/\" style=\"display:flex; gap:8px; justify-content:center;\">\n    <input type=\"search\" name=\"s\" placeholder=\"Rechercher sur le blog...\" style=\"              width:50%;             border: 2px solid #007cba;             padding: 8px 12px;             font-size: 16px;             outline: none;          \" onfocus=\"this.style.boxShadow='0 0 0 2px rgba(0,124,186,0.3)'\" onblur=\"this.style.boxShadow='none'\"\/>\n    <input type=\"hidden\" name=\"post_type\" value=\"post\"\/>\n    <button type=\"submit\" style=\"  padding: 8px 16px; font-size: 16px; cursor: pointer;  \">\n Rechercher\n    <\/button>\n<\/form>\n<\/div>\n\n<p><\/p>\n\n<h5 class=\"wp-block-heading\">Tous les articles<\/h5>\n\n<p><\/p>\n<div class=\"root-eb-post-grid-pwg6c wp-block-essential-blocks-post-grid\">\n    <div class=\"eb-parent-wrapper eb-parent-eb-post-grid-pwg6c \">\n        <div class=\"eb-post-grid-pwg6c style-4 eb-post-grid-wrapper\"\n            data-id=\"eb-post-grid-pwg6c\"\n            data-querydata=\"{&quot;source&quot;:&quot;post&quot;,&quot;sourceIndex&quot;:0,&quot;rest_base&quot;:&quot;posts&quot;,&quot;rest_namespace&quot;:&quot;wp\\\/v2&quot;,&quot;author&quot;:&quot;&quot;,&quot;taxonomies&quot;:[],&quot;per_page&quot;:&quot;6&quot;,&quot;offset&quot;:&quot;0&quot;,&quot;orderby&quot;:&quot;date&quot;,&quot;order&quot;:&quot;desc&quot;,&quot;include&quot;:&quot;&quot;,&quot;exclude&quot;:&quot;&quot;,&quot;exclude_current&quot;:false}\"\n            data-attributes=\"{&quot;thumbnailSize&quot;:&quot;&quot;,&quot;loadMoreOptions&quot;:{&quot;enableMorePosts&quot;:true,&quot;loadMoreType&quot;:&quot;2&quot;,&quot;loadMoreButtonTxt&quot;:&quot;Voir plus&quot;,&quot;alignment&quot;:&quot;center&quot;,&quot;prevTxt&quot;:&quot;&lt;&quot;,&quot;nextTxt&quot;:&quot;&gt;&quot;,&quot;totalPosts&quot;:20},&quot;showSearch&quot;:false,&quot;showTaxonomyFilter&quot;:false,&quot;enableAjaxSearch&quot;:false,&quot;addIcon&quot;:false,&quot;iconPosition&quot;:&quot;left&quot;,&quot;icon&quot;:&quot;fas fa-chevron-right&quot;,&quot;preset&quot;:&quot;style-4&quot;,&quot;defaultFilter&quot;:&quot;all&quot;,&quot;version&quot;:&quot;v2&quot;,&quot;showBlockContent&quot;:true,&quot;showFallbackImg&quot;:false,&quot;fallbackImgUrl&quot;:&quot;&quot;,&quot;showThumbnail&quot;:true,&quot;showTitle&quot;:true,&quot;titleLength&quot;:&quot;&quot;,&quot;titleTag&quot;:&quot;h2&quot;,&quot;showContent&quot;:true,&quot;contentLength&quot;:20,&quot;expansionIndicator&quot;:&quot;...&quot;,&quot;showReadMore&quot;:false,&quot;readmoreText&quot;:&quot;Read More&quot;,&quot;showMeta&quot;:true,&quot;headerMeta&quot;:&quot;[{\\&quot;value\\&quot;:\\&quot;author\\&quot;,\\&quot;label\\&quot;:\\&quot;Author Name\\&quot;}]&quot;,&quot;footerMeta&quot;:&quot;[{\\&quot;value\\&quot;:\\&quot;readtime\\&quot;,\\&quot;label\\&quot;:\\&quot;Read Time\\&quot;},{\\&quot;value\\&quot;:\\&quot;date\\&quot;,\\&quot;label\\&quot;:\\&quot;Published Date\\&quot;}]&quot;,&quot;authorPrefix&quot;:&quot;&quot;,&quot;datePrefix&quot;:&quot;&quot;}\">\n\n            \n\n            <div class=\"eb-post-grid-posts-wrapper\"><article class=\"ebpg-grid-post ebpg-post-grid-column\" data-id=\"4917\"><div class=\"ebpg-grid-post-holder\"><div class=\"ebpg-entry-media\">\n                <div class=\"ebpg-entry-thumbnail\">\n                    <a class=\"ebpg-post-link-wrapper eb-sr-only\" href=\"https:\/\/caribwedding.com\/fr\/rencontre-avec-ours-private-chef-quand-rigueur-et-creativite-subliment-votre-mariage-a-saint-martin\/\">Rencontre avec Ours Private Chef : quand rigueur et cr\u00e9ativit\u00e9 subliment votre mariage \u00e0 Saint-Martin<\/a>\n                    <img loading=\"lazy\" decoding=\"async\" width=\"1748\" height=\"1240\" src=\"https:\/\/caribwedding.com\/wp-content\/uploads\/2026\/03\/Photo-format-paysage.png\" class=\"attachment-full size-full\" alt=\"Gourmet dishes prepared by Ours Private Chef for a private villa dinner in Saint Martin\" \/>\n                <\/div>\n            <\/div><div class=\"ebpg-entry-wrapper\"><header class=\"ebpg-entry-header\">\n            <h2 class=\"ebpg-entry-title\">\n                <a class=\"ebpg-grid-post-link\" href=\"https:\/\/caribwedding.com\/fr\/rencontre-avec-ours-private-chef-quand-rigueur-et-creativite-subliment-votre-mariage-a-saint-martin\/\" title=\"rencontreavecoursprivatechef:quandrigueuretcrativitsublimentvotremariagesaint-martin\">Rencontre avec Ours Private Chef : quand rigueur et cr\u00e9ativit\u00e9 subliment votre mariage \u00e0 Saint-Martin<\/a>\n            <\/h2>\n        <\/header><div class=\"ebpg-entry-meta ebpg-header-meta\"><div class=\"ebpg-entry-meta-items\"><span class=\"ebpg-posted-by\">\n             <a href=\"https:\/\/caribwedding.com\/fr\/author\/caribwtadmin\/\" title=\"Carib Wedding\" rel=\"author\">Carib Wedding<\/a>\n        <\/span><\/div><\/div><div class=\"ebpg-entry-content\"><div class=\"ebpg-grid-post-excerpt\">\n            <p>Rencontre avec Ours Private Chef : quand rigueur et cr\u00e9ativit\u00e9 subliment votre mariage \u00e0 Saint-Martin\n\n\n\n\nEt si votre mariage \u00e0 Saint-Martin&#8230;<\/p>\n        <\/div><\/div><div class=\"ebpg-entry-meta ebpg-footer-meta\"><div class=\"ebpg-entry-meta-items\"><span class=\"ebpg-read-time\"><i class=\"fas fa-clock\"><\/i>7 minutes read<\/span><span class=\"ebpg-posted-on\">\n             <time dateTime=\"2026-03-08T09:41:37-04:00\">8 mars 2026<\/time>\n        <\/span><\/div><\/div><\/div><\/div><\/article><article class=\"ebpg-grid-post ebpg-post-grid-column\" data-id=\"4091\"><div class=\"ebpg-grid-post-holder\"><div class=\"ebpg-entry-media\">\n                <div class=\"ebpg-entry-thumbnail\">\n                    <a class=\"ebpg-post-link-wrapper eb-sr-only\" href=\"https:\/\/caribwedding.com\/fr\/le-domaine-anse-marcel-beach-un-lieu-tout-en-un-pour-votre-mariage-a-saint-martin\/\">Le Domaine Anse Marcel Beach : un lieu tout-en-un pour votre mariage \u00e0 Saint-Martin<\/a>\n                    <img loading=\"lazy\" decoding=\"async\" width=\"2176\" height=\"1445\" src=\"https:\/\/caribwedding.com\/wp-content\/uploads\/2026\/01\/domaine-anse-marcel-beach-mariage-carib-wedding-1.jpeg\" class=\"attachment-full size-full\" alt=\"Vue a\u00e9rienne du Domaine Anse Marcel Beach montrant l\u2019h\u00f4tel, la plage priv\u00e9e et la baie turquoise entour\u00e9e de collines.\" \/>\n                <\/div>\n            <\/div><div class=\"ebpg-entry-wrapper\"><header class=\"ebpg-entry-header\">\n            <h2 class=\"ebpg-entry-title\">\n                <a class=\"ebpg-grid-post-link\" href=\"https:\/\/caribwedding.com\/fr\/le-domaine-anse-marcel-beach-un-lieu-tout-en-un-pour-votre-mariage-a-saint-martin\/\" title=\"ledomaineansemarcelbeach:unlieutout-en-unpourvotremariagesaint-martin\">Le Domaine Anse Marcel Beach : un lieu tout-en-un pour votre mariage \u00e0 Saint-Martin<\/a>\n            <\/h2>\n        <\/header><div class=\"ebpg-entry-meta ebpg-header-meta\"><div class=\"ebpg-entry-meta-items\"><span class=\"ebpg-posted-by\">\n             <a href=\"https:\/\/caribwedding.com\/fr\/author\/caribwtadmin\/\" title=\"Carib Wedding\" rel=\"author\">Carib Wedding<\/a>\n        <\/span><\/div><\/div><div class=\"ebpg-entry-content\"><div class=\"ebpg-grid-post-excerpt\">\n            <p>Le Domaine Anse Marcel Beach : un lieu tout-en-un pour votre mariage \u00e0 Saint-Martin\n\n\n\nImaginez votre mariage \u00e0 Saint-Martin dans un&#8230;<\/p>\n        <\/div><\/div><div class=\"ebpg-entry-meta ebpg-footer-meta\"><div class=\"ebpg-entry-meta-items\"><span class=\"ebpg-read-time\"><i class=\"fas fa-clock\"><\/i>5 minutes read<\/span><span class=\"ebpg-posted-on\">\n             <time dateTime=\"2025-12-14T10:51:51-04:00\">14 d\u00e9cembre 2025<\/time>\n        <\/span><\/div><\/div><\/div><\/div><\/article><article class=\"ebpg-grid-post ebpg-post-grid-column\" data-id=\"4077\"><div class=\"ebpg-grid-post-holder\"><div class=\"ebpg-entry-media\">\n                <div class=\"ebpg-entry-thumbnail\">\n                    <a class=\"ebpg-post-link-wrapper eb-sr-only\" href=\"https:\/\/caribwedding.com\/fr\/comment-faire-durer-la-magie-du-mariage-idees-pour-revivre-les-plus-beaux-souvenirs\/\">Comment faire durer la magie du mariage ? Id\u00e9es pour revivre les plus beaux souvenirs<\/a>\n                    <img loading=\"lazy\" decoding=\"async\" width=\"2000\" height=\"1545\" src=\"https:\/\/caribwedding.com\/wp-content\/uploads\/2026\/01\/Look-through-a-wedding-photo-album-with-family.jpg\" class=\"attachment-full size-full\" alt=\"Couple mari\u00e9 et m\u00e8re feuilletant l\u2019album photo du mariage en riant, moment chaleureux et complice.\" \/>\n                <\/div>\n            <\/div><div class=\"ebpg-entry-wrapper\"><header class=\"ebpg-entry-header\">\n            <h2 class=\"ebpg-entry-title\">\n                <a class=\"ebpg-grid-post-link\" href=\"https:\/\/caribwedding.com\/fr\/comment-faire-durer-la-magie-du-mariage-idees-pour-revivre-les-plus-beaux-souvenirs\/\" title=\"commentfairedurerlamagiedumariageidespourrevivrelesplusbeauxsouvenirs\">Comment faire durer la magie du mariage ? Id\u00e9es pour revivre les plus beaux souvenirs<\/a>\n            <\/h2>\n        <\/header><div class=\"ebpg-entry-meta ebpg-header-meta\"><div class=\"ebpg-entry-meta-items\"><span class=\"ebpg-posted-by\">\n             <a href=\"https:\/\/caribwedding.com\/fr\/author\/caribwtadmin\/\" title=\"Carib Wedding\" rel=\"author\">Carib Wedding<\/a>\n        <\/span><\/div><\/div><div class=\"ebpg-entry-content\"><div class=\"ebpg-grid-post-excerpt\">\n            <p>Comment faire durer la magie du mariage ? Id\u00e9es pour revivre les plus beaux souvenirs \n\n\n\nLe mariage, c\u2019est souvent l\u2019un&#8230;<\/p>\n        <\/div><\/div><div class=\"ebpg-entry-meta ebpg-footer-meta\"><div class=\"ebpg-entry-meta-items\"><span class=\"ebpg-read-time\"><i class=\"fas fa-clock\"><\/i>4 minutes read<\/span><span class=\"ebpg-posted-on\">\n             <time dateTime=\"2025-11-26T10:31:24-04:00\">26 novembre 2025<\/time>\n        <\/span><\/div><\/div><\/div><\/div><\/article><article class=\"ebpg-grid-post ebpg-post-grid-column\" data-id=\"4058\"><div class=\"ebpg-grid-post-holder\"><div class=\"ebpg-entry-media\">\n                <div class=\"ebpg-entry-thumbnail\">\n                    <a class=\"ebpg-post-link-wrapper eb-sr-only\" href=\"https:\/\/caribwedding.com\/fr\/decouvrez-fee-des-caraibes-et-confiez-la-magie-de-votre-mariage-a-votre-wedding-planner\/\">D\u00e9couvrez F\u00e9e des Cara\u00efbes, et confiez la magie de votre mariage \u00e0 votre wedding planner<\/a>\n                    <img loading=\"lazy\" decoding=\"async\" width=\"1700\" height=\"1133\" src=\"https:\/\/caribwedding.com\/wp-content\/uploads\/2026\/01\/Fee-des-Caraibes_lasdecoeurphoto_1.jpg\" class=\"attachment-full size-full\" alt=\"Mari\u00e9s qui se tiennent la main lors d&#039;une c\u00e9r\u00e9monie sur une plage de Saint Martin\" \/>\n                <\/div>\n            <\/div><div class=\"ebpg-entry-wrapper\"><header class=\"ebpg-entry-header\">\n            <h2 class=\"ebpg-entry-title\">\n                <a class=\"ebpg-grid-post-link\" href=\"https:\/\/caribwedding.com\/fr\/decouvrez-fee-des-caraibes-et-confiez-la-magie-de-votre-mariage-a-votre-wedding-planner\/\" title=\"dcouvrezfedescarabesetconfiezlamagiedevotremariagevotreweddingplanner\">D\u00e9couvrez F\u00e9e des Cara\u00efbes, et confiez la magie de votre mariage \u00e0 votre wedding planner<\/a>\n            <\/h2>\n        <\/header><div class=\"ebpg-entry-meta ebpg-header-meta\"><div class=\"ebpg-entry-meta-items\"><span class=\"ebpg-posted-by\">\n             <a href=\"https:\/\/caribwedding.com\/fr\/author\/caribwtadmin\/\" title=\"Carib Wedding\" rel=\"author\">Carib Wedding<\/a>\n        <\/span><\/div><\/div><div class=\"ebpg-entry-content\"><div class=\"ebpg-grid-post-excerpt\">\n            <p>D\u00e9couvrez F\u00e9e des Cara\u00efbes, et confiez la magie de votre mariage \u00e0 votre wedding planner\n\n\n\n\nEt si votre mariage dans les&#8230;<\/p>\n        <\/div><\/div><div class=\"ebpg-entry-meta ebpg-footer-meta\"><div class=\"ebpg-entry-meta-items\"><span class=\"ebpg-read-time\"><i class=\"fas fa-clock\"><\/i>7 minutes read<\/span><span class=\"ebpg-posted-on\">\n             <time dateTime=\"2025-10-08T10:15:29-04:00\">8 octobre 2025<\/time>\n        <\/span><\/div><\/div><\/div><\/div><\/article><article class=\"ebpg-grid-post ebpg-post-grid-column\" data-id=\"4048\"><div class=\"ebpg-grid-post-holder\"><div class=\"ebpg-entry-media\">\n                <div class=\"ebpg-entry-thumbnail\">\n                    <a class=\"ebpg-post-link-wrapper eb-sr-only\" href=\"https:\/\/caribwedding.com\/fr\/mariage-dans-les-caraibes-comment-gerer-ceux-qui-ne-seront-pas-invites\/\">Mariage dans les Cara\u00efbes : comment g\u00e9rer ceux qui ne seront pas invit\u00e9s<\/a>\n                    <img loading=\"lazy\" decoding=\"async\" width=\"2000\" height=\"1545\" src=\"https:\/\/caribwedding.com\/wp-content\/uploads\/2026\/01\/Bride-and-groom-with-their-bridesmaids-and-groomsmen.png\" class=\"attachment-full size-full\" alt=\"Mari\u00e9s posant de mani\u00e8re fun avec leurs demoiselles et gar\u00e7ons d\u2019honneur lors d\u2019une s\u00e9ance photo de groupe.\" \/>\n                <\/div>\n            <\/div><div class=\"ebpg-entry-wrapper\"><header class=\"ebpg-entry-header\">\n            <h2 class=\"ebpg-entry-title\">\n                <a class=\"ebpg-grid-post-link\" href=\"https:\/\/caribwedding.com\/fr\/mariage-dans-les-caraibes-comment-gerer-ceux-qui-ne-seront-pas-invites\/\" title=\"mariagedanslescarabes:commentgrerceuxquineserontpasinvits\">Mariage dans les Cara\u00efbes : comment g\u00e9rer ceux qui ne seront pas invit\u00e9s<\/a>\n            <\/h2>\n        <\/header><div class=\"ebpg-entry-meta ebpg-header-meta\"><div class=\"ebpg-entry-meta-items\"><span class=\"ebpg-posted-by\">\n             <a href=\"https:\/\/caribwedding.com\/fr\/author\/caribwtadmin\/\" title=\"Carib Wedding\" rel=\"author\">Carib Wedding<\/a>\n        <\/span><\/div><\/div><div class=\"ebpg-entry-content\"><div class=\"ebpg-grid-post-excerpt\">\n            <p>Mariage dans les Cara\u00efbes : comment g\u00e9rer ceux qui ne seront pas invit\u00e9s\n\n\n\nOrganiser son mariage, c&#8217;est un m\u00e9lange d&#8217;excitation, de&#8230;<\/p>\n        <\/div><\/div><div class=\"ebpg-entry-meta ebpg-footer-meta\"><div class=\"ebpg-entry-meta-items\"><span class=\"ebpg-read-time\"><i class=\"fas fa-clock\"><\/i>4 minutes read<\/span><span class=\"ebpg-posted-on\">\n             <time dateTime=\"2025-09-09T09:57:47-04:00\">9 septembre 2025<\/time>\n        <\/span><\/div><\/div><\/div><\/div><\/article><article class=\"ebpg-grid-post ebpg-post-grid-column\" data-id=\"4044\"><div class=\"ebpg-grid-post-holder\"><div class=\"ebpg-entry-media\">\n                <div class=\"ebpg-entry-thumbnail\">\n                    <a class=\"ebpg-post-link-wrapper eb-sr-only\" href=\"https:\/\/caribwedding.com\/fr\/le-role-du-decorateur-mariage-pour-votre-celebration-aux-antilles\/\">Le r\u00f4le du d\u00e9corateur mariage pour votre c\u00e9l\u00e9bration aux Antilles<\/a>\n                    <img loading=\"lazy\" decoding=\"async\" width=\"2000\" height=\"1545\" src=\"https:\/\/caribwedding.com\/wp-content\/uploads\/2026\/01\/caribbean-wedding-decorator-tropical-reception.png\" class=\"attachment-full size-full\" alt=\"D\u00e9coration mariage tropical avec suspensions en osier, compositions florales color\u00e9es et tables dress\u00e9es pour r\u00e9ception aux Cara\u00efbes\" \/>\n                <\/div>\n            <\/div><div class=\"ebpg-entry-wrapper\"><header class=\"ebpg-entry-header\">\n            <h2 class=\"ebpg-entry-title\">\n                <a class=\"ebpg-grid-post-link\" href=\"https:\/\/caribwedding.com\/fr\/le-role-du-decorateur-mariage-pour-votre-celebration-aux-antilles\/\" title=\"lerledudcorateurmariagepourvotreclbrationauxantilles\">Le r\u00f4le du d\u00e9corateur mariage pour votre c\u00e9l\u00e9bration aux Antilles<\/a>\n            <\/h2>\n        <\/header><div class=\"ebpg-entry-meta ebpg-header-meta\"><div class=\"ebpg-entry-meta-items\"><span class=\"ebpg-posted-by\">\n             <a href=\"https:\/\/caribwedding.com\/fr\/author\/caribwtadmin\/\" title=\"Carib Wedding\" rel=\"author\">Carib Wedding<\/a>\n        <\/span><\/div><\/div><div class=\"ebpg-entry-content\"><div class=\"ebpg-grid-post-excerpt\">\n            <p>Le r\u00f4le du d\u00e9corateur mariage pour votre c\u00e9l\u00e9bration aux Antilles\n\nL\u2019essentiel : pourquoi faire appel \u00e0 un d\u00e9corateur professionnel pour votre&#8230;<\/p>\n        <\/div><\/div><div class=\"ebpg-entry-meta ebpg-footer-meta\"><div class=\"ebpg-entry-meta-items\"><span class=\"ebpg-read-time\"><i class=\"fas fa-clock\"><\/i>4 minutes read<\/span><span class=\"ebpg-posted-on\">\n             <time dateTime=\"2025-08-19T09:35:19-04:00\">19 ao\u00fbt 2025<\/time>\n        <\/span><\/div><\/div><\/div><\/div><\/article><\/div><p class=\"eb-no-posts eb-loadmore-no-post\" style=\"display: none;\">No more posts<\/p><div class=\"ebpostgrid-pagination ebpg-pagination \"><button class=\"ebpg-pagination-item-previous\">&lt;<\/button><button class=\"ebpg-pagination-item active\" data-pagenumber=\"1\">\n                        1\n                    <\/button><button class=\"ebpg-pagination-item \" data-pagenumber=\"2\">\n                        2\n                    <\/button><button class=\"ebpg-pagination-item \" data-pagenumber=\"3\">\n                        3\n                    <\/button><button class=\"ebpg-pagination-item \" data-pagenumber=\"4\">\n                        4\n                    <\/button><button class=\"ebpg-pagination-item-next\">&gt;<\/button><\/div>        <\/div>\n    <\/div>\n<\/div>\n\n<p><\/p>\n\n<p><\/p>\n","protected":false},"excerpt":{"rendered":"<p>Blog Rechercher Tous les articles<\/p>\n","protected":false},"author":1,"featured_media":0,"parent":0,"menu_order":0,"comment_status":"closed","ping_status":"closed","template":"","meta":{"_eb_attr":"","site-sidebar-layout":"default","site-content-layout":"","ast-site-content-layout":"default","site-content-style":"default","site-sidebar-style":"default","ast-global-header-display":"","ast-banner-title-visibility":"","ast-main-header-display":"","ast-hfb-above-header-display":"","ast-hfb-below-header-display":"","ast-hfb-mobile-header-display":"","site-post-title":"disabled","ast-breadcrumbs-content":"","ast-featured-img":"","footer-sml-layout":"","ast-disable-related-posts":"","theme-transparent-header-meta":"","adv-header-id-meta":"","stick-header-meta":"","header-above-stick-meta":"","header-main-stick-meta":"","header-below-stick-meta":"","astra-migrate-meta-layouts":"default","ast-page-background-enabled":"default","ast-page-background-meta":{"desktop":{"background-color":"var(--ast-global-color-5)","background-image":"","background-repeat":"repeat","background-position":"center center","background-size":"auto","background-attachment":"scroll","background-type":"","background-media":"","overlay-type":"","overlay-color":"","overlay-opacity":"","overlay-gradient":""},"tablet":{"background-color":"","background-image":"","background-repeat":"repeat","background-position":"center center","background-size":"auto","background-attachment":"scroll","background-type":"","background-media":"","overlay-type":"","overlay-color":"","overlay-opacity":"","overlay-gradient":""},"mobile":{"background-color":"","background-image":"","background-repeat":"repeat","background-position":"center center","background-size":"auto","background-attachment":"scroll","background-type":"","background-media":"","overlay-type":"","overlay-color":"","overlay-opacity":"","overlay-gradient":""}},"ast-content-background-meta":{"desktop":{"background-color":"var(--ast-global-color-4)","background-image":"","background-repeat":"repeat","background-position":"center center","background-size":"auto","background-attachment":"scroll","background-type":"","background-media":"","overlay-type":"","overlay-color":"","overlay-opacity":"","overlay-gradient":""},"tablet":{"background-color":"var(--ast-global-color-4)","background-image":"","background-repeat":"repeat","background-position":"center center","background-size":"auto","background-attachment":"scroll","background-type":"","background-media":"","overlay-type":"","overlay-color":"","overlay-opacity":"","overlay-gradient":""},"mobile":{"background-color":"var(--ast-global-color-4)","background-image":"","background-repeat":"repeat","background-position":"center center","background-size":"auto","background-attachment":"scroll","background-type":"","background-media":"","overlay-type":"","overlay-color":"","overlay-opacity":"","overlay-gradient":""}},"footnotes":""},"class_list":["post-4443","page","type-page","status-publish","hentry"],"_links":{"self":[{"href":"https:\/\/caribwedding.com\/fr\/wp-json\/wp\/v2\/pages\/4443","targetHints":{"allow":["GET"]}}],"collection":[{"href":"https:\/\/caribwedding.com\/fr\/wp-json\/wp\/v2\/pages"}],"about":[{"href":"https:\/\/caribwedding.com\/fr\/wp-json\/wp\/v2\/types\/page"}],"author":[{"embeddable":true,"href":"https:\/\/caribwedding.com\/fr\/wp-json\/wp\/v2\/users\/1"}],"replies":[{"embeddable":true,"href":"https:\/\/caribwedding.com\/fr\/wp-json\/wp\/v2\/comments?post=4443"}],"version-history":[{"count":2,"href":"https:\/\/caribwedding.com\/fr\/wp-json\/wp\/v2\/pages\/4443\/revisions"}],"predecessor-version":[{"id":4706,"href":"https:\/\/caribwedding.com\/fr\/wp-json\/wp\/v2\/pages\/4443\/revisions\/4706"}],"wp:attachment":[{"href":"https:\/\/caribwedding.com\/fr\/wp-json\/wp\/v2\/media?parent=4443"}],"curies":[{"name":"wp","href":"https:\/\/api.w.org\/{rel}","templated":true}]}}